{"id":99,"date":"2024-01-07T15:58:39","date_gmt":"2024-01-07T15:58:39","guid":{"rendered":"https:\/\/campmil.pl\/www\/?post_type=product&#038;p=99"},"modified":"2024-01-07T15:58:39","modified_gmt":"2024-01-07T15:58:39","slug":"ladownica-administracyjna-gfc-tactical-gft-19-023990-mala-wz-93-pantera-lesna","status":"publish","type":"product","link":"https:\/\/campmil.pl\/www\/index.php\/produkt\/ladownica-administracyjna-gfc-tactical-gft-19-023990-mala-wz-93-pantera-lesna\/","title":{"rendered":"\u0141adownica administracyjna GFC Tactical GFT-19-023990 ma\u0142a wz. 93 pantera le\u015bna"},"content":{"rendered":"<div class=\"mp4t_16_s mryx_16_s mr3m_1 mli2_1 mh85_56 mh85_0_l\">\n<div class=\"mgn2_16 _0d3bd_am0a-\">\n<p>Wykonana z wytrzyma\u0142ego nylonu, pionowa, ma\u0142a \u0142adownica administracyjna\/cargo. \u0141adownica otwierana jest przy pomocy zamka b\u0142yskawicznego.<\/p>\n<p>Komora g\u0142\u00f3wna o wygodnym, szerokim dost\u0119pie.<\/p>\n<p>Wewn\u0105trz znajduj\u0105 si\u0119 dwie kieszenie otwarte, elastyczne szlufki na d\u0142ugopisy, ma\u0142\u0105 latark\u0119 czy precyzyjny \u015brubokr\u0119t oraz pasek z karabi\u0144czykiem na klucze. Na zewn\u0105trz \u0142adownicy znajduje si\u0119 p\u0142aska kieszonka wykonana z siatki.<\/p>\n<p>Zastosowany system monta\u017cowy jest zgodny z systemem MOLLE, dzi\u0119ki czemu \u0142adownica jest kompatybilna z niemal ka\u017cdym nowoczesnym wyposa\u017ceniem taktycznym.<\/p>\n<\/div>\n<\/div>\n","protected":false},"excerpt":{"rendered":"<p>\u0141adownica administracyjna\/cargo<\/p>\n","protected":false},"featured_media":100,"comment_status":"open","ping_status":"closed","template":"","meta":[],"product_cat":[15],"product_tag":[],"class_list":{"0":"post-99","1":"product","2":"type-product","3":"status-publish","4":"has-post-thumbnail","6":"product_cat-bez-kategorii","8":"first","9":"instock","10":"shipping-taxable","11":"purchasable","12":"product-type-simple"},"jetpack_sharing_enabled":true,"_links":{"self":[{"href":"https:\/\/campmil.pl\/www\/index.php\/wp-json\/wp\/v2\/product\/99","targetHints":{"allow":["GET"]}}],"collection":[{"href":"https:\/\/campmil.pl\/www\/index.php\/wp-json\/wp\/v2\/product"}],"about":[{"href":"https:\/\/campmil.pl\/www\/index.php\/wp-json\/wp\/v2\/types\/product"}],"replies":[{"embeddable":true,"href":"https:\/\/campmil.pl\/www\/index.php\/wp-json\/wp\/v2\/comments?post=99"}],"wp:featuredmedia":[{"embeddable":true,"href":"https:\/\/campmil.pl\/www\/index.php\/wp-json\/wp\/v2\/media\/100"}],"wp:attachment":[{"href":"https:\/\/campmil.pl\/www\/index.php\/wp-json\/wp\/v2\/media?parent=99"}],"wp:term":[{"taxonomy":"product_cat","embeddable":true,"href":"https:\/\/campmil.pl\/www\/index.php\/wp-json\/wp\/v2\/product_cat?post=99"},{"taxonomy":"product_tag","embeddable":true,"href":"https:\/\/campmil.pl\/www\/index.php\/wp-json\/wp\/v2\/product_tag?post=99"}],"curies":[{"name":"wp","href":"https:\/\/api.w.org\/{rel}","templated":true}]}}