{"id":83,"date":"2024-01-07T15:50:01","date_gmt":"2024-01-07T15:50:01","guid":{"rendered":"https:\/\/campmil.pl\/www\/?post_type=product&#038;p=83"},"modified":"2024-01-07T15:56:32","modified_gmt":"2024-01-07T15:56:32","slug":"tasma-maskujaca","status":"publish","type":"product","link":"https:\/\/campmil.pl\/www\/index.php\/produkt\/tasma-maskujaca\/","title":{"rendered":"Ta\u015bma maskuj\u0105ca"},"content":{"rendered":"<div class=\"mp4t_16_s mryx_16_s mr3m_1 mli2_1 mh85_56 mh85_0_l\">\n<div class=\"mgn2_16 _0d3bd_am0a-\">\n<p>Bawe\u0142niana ta\u015bma maskuj\u0105ca doskonale nadaje si\u0119 do maskowania replik lub innego rodzaju sprz\u0119tu. Rozci\u0105gliwy materia\u0142 idealnie przylega do maskowanej powierzchni.<\/p>\n<p>Ta\u015bma maskuj\u0105ca jest dobr\u0105 alternatyw\u0105 dla os\u00f3b, kt\u00f3re nie chc\u0105 malowa\u0107 swoich replik w celu ich lepszego maskowania.<\/p>\n<\/div>\n<p>Szeroko\u015b\u0107 50mm<\/p>\n<p>D\u0142ugo\u015b\u0107 10m<\/p>\n<\/div>\n","protected":false},"excerpt":{"rendered":"<p>Ta\u015bma maskuj\u0105ca<\/p>\n","protected":false},"featured_media":93,"comment_status":"open","ping_status":"closed","template":"","meta":[],"product_cat":[15],"product_tag":[23],"class_list":{"0":"post-83","1":"product","2":"type-product","3":"status-publish","4":"has-post-thumbnail","6":"product_cat-bez-kategorii","7":"product_tag-tasma","9":"first","10":"instock","11":"shipping-taxable","12":"purchasable","13":"product-type-variable"},"jetpack_sharing_enabled":true,"_links":{"self":[{"href":"https:\/\/campmil.pl\/www\/index.php\/wp-json\/wp\/v2\/product\/83","targetHints":{"allow":["GET"]}}],"collection":[{"href":"https:\/\/campmil.pl\/www\/index.php\/wp-json\/wp\/v2\/product"}],"about":[{"href":"https:\/\/campmil.pl\/www\/index.php\/wp-json\/wp\/v2\/types\/product"}],"replies":[{"embeddable":true,"href":"https:\/\/campmil.pl\/www\/index.php\/wp-json\/wp\/v2\/comments?post=83"}],"wp:featuredmedia":[{"embeddable":true,"href":"https:\/\/campmil.pl\/www\/index.php\/wp-json\/wp\/v2\/media\/93"}],"wp:attachment":[{"href":"https:\/\/campmil.pl\/www\/index.php\/wp-json\/wp\/v2\/media?parent=83"}],"wp:term":[{"taxonomy":"product_cat","embeddable":true,"href":"https:\/\/campmil.pl\/www\/index.php\/wp-json\/wp\/v2\/product_cat?post=83"},{"taxonomy":"product_tag","embeddable":true,"href":"https:\/\/campmil.pl\/www\/index.php\/wp-json\/wp\/v2\/product_tag?post=83"}],"curies":[{"name":"wp","href":"https:\/\/api.w.org\/{rel}","templated":true}]}}