{"id":78,"date":"2024-01-07T15:28:49","date_gmt":"2024-01-07T15:28:49","guid":{"rendered":"https:\/\/campmil.pl\/www\/?post_type=product&#038;p=78"},"modified":"2024-01-07T15:28:49","modified_gmt":"2024-01-07T15:28:49","slug":"rekawice-taktyczne-armored-claw-covertpro-hot-weather-r-l-oliwkowe","status":"publish","type":"product","link":"https:\/\/campmil.pl\/www\/index.php\/produkt\/rekawice-taktyczne-armored-claw-covertpro-hot-weather-r-l-oliwkowe\/","title":{"rendered":"R\u0119kawice taktyczne Armored Claw CovertPro Hot Weather r. L oliwkowe"},"content":{"rendered":"<div class=\"mp4t_16_s mryx_16_s mr3m_1 mli2_1 mh85_56 mh85_0_l\">\n<div class=\"mgn2_16 _0d3bd_am0a-\">\n<p>R\u0119kawice taktyczne CovertPro Hot Weather firmy Armored Clow w kolorze oliwkowym. Zapewniaj\u0105 maksymalny komfort, elastyczno\u015b\u0107 oraz ochron\u0119. Idealnie sprawdz\u0105 si\u0119 podczas treningu strzeleckiego, taktycznego, dzia\u0142a\u0144 w terenie lub codziennych prac.<\/p>\n<p>Materia\u0142y: sk\u00f3ra syntetyczna, neopren, spandex<\/p>\n<p>Kolor: oliwkowy<\/p>\n<p>Waga: 80 g<\/p>\n<\/div>\n<\/div>\n","protected":false},"excerpt":{"rendered":"<p>R\u0119kawice taktyczne CovertPro Hot Weather<\/p>\n","protected":false},"featured_media":79,"comment_status":"open","ping_status":"closed","template":"","meta":[],"product_cat":[15],"product_tag":[22],"class_list":{"0":"post-78","1":"product","2":"type-product","3":"status-publish","4":"has-post-thumbnail","6":"product_cat-bez-kategorii","7":"product_tag-rekawice","9":"first","10":"instock","11":"shipping-taxable","12":"purchasable","13":"product-type-simple"},"jetpack_sharing_enabled":true,"_links":{"self":[{"href":"https:\/\/campmil.pl\/www\/index.php\/wp-json\/wp\/v2\/product\/78","targetHints":{"allow":["GET"]}}],"collection":[{"href":"https:\/\/campmil.pl\/www\/index.php\/wp-json\/wp\/v2\/product"}],"about":[{"href":"https:\/\/campmil.pl\/www\/index.php\/wp-json\/wp\/v2\/types\/product"}],"replies":[{"embeddable":true,"href":"https:\/\/campmil.pl\/www\/index.php\/wp-json\/wp\/v2\/comments?post=78"}],"wp:featuredmedia":[{"embeddable":true,"href":"https:\/\/campmil.pl\/www\/index.php\/wp-json\/wp\/v2\/media\/79"}],"wp:attachment":[{"href":"https:\/\/campmil.pl\/www\/index.php\/wp-json\/wp\/v2\/media?parent=78"}],"wp:term":[{"taxonomy":"product_cat","embeddable":true,"href":"https:\/\/campmil.pl\/www\/index.php\/wp-json\/wp\/v2\/product_cat?post=78"},{"taxonomy":"product_tag","embeddable":true,"href":"https:\/\/campmil.pl\/www\/index.php\/wp-json\/wp\/v2\/product_tag?post=78"}],"curies":[{"name":"wp","href":"https:\/\/api.w.org\/{rel}","templated":true}]}}