{"id":70,"date":"2024-01-07T15:24:28","date_gmt":"2024-01-07T15:24:28","guid":{"rendered":"https:\/\/campmil.pl\/www\/?post_type=product&#038;p=70"},"modified":"2024-01-07T15:32:56","modified_gmt":"2024-01-07T15:32:56","slug":"karta-przezycia-przetrwania-niezbednik-11w1","status":"publish","type":"product","link":"https:\/\/campmil.pl\/www\/index.php\/produkt\/karta-przezycia-przetrwania-niezbednik-11w1\/","title":{"rendered":"KARTA PRZE\u017bYCIA PRZETRWANIA NIEZB\u0118DNIK 11w1"},"content":{"rendered":"<p>Karta survivalowa wykonana z stali nierdzewnej to multi-tool kt\u00f3ry dzi\u0119ki niewielkim rozmiarom mo\u017cemy schowa\u0107 w portfelu. Posiada a\u017c 11 funkcji i naprawd\u0119 przydaje si\u0119 w awaryjnych sytuacjach.<\/p>\n<p>Funkcje:<\/p>\n<ul>\n<li>otwieracz do konserw<\/li>\n<li>klucz motylkowy<\/li>\n<li>pi\u0142a (dwurz\u0119dowe z\u0119by)<\/li>\n<li>otw\u00f3r na smycz lub k\u00f3\u0142ko od kluczy<\/li>\n<li>klucz oczkowy 4mm, 5mm<\/li>\n<li>wska\u017anik mapowy<\/li>\n<li>klucz oczkowy 6mm, 7mm, 8mm, 10mm<\/li>\n<li>miarka<\/li>\n<li>otwieracz do butelek<\/li>\n<li>\u015brubokr\u0119t p\u0142aski<\/li>\n<li>n\u00f3\u017c<\/li>\n<\/ul>\n<p>Wymiary: 45mm x 69mm, grubo\u015b\u0107 2mm.<\/p>\n","protected":false},"excerpt":{"rendered":"<p>Karta survivalowa<\/p>\n","protected":false},"featured_media":71,"comment_status":"open","ping_status":"closed","template":"","meta":[],"product_cat":[15],"product_tag":[],"class_list":{"0":"post-70","1":"product","2":"type-product","3":"status-publish","4":"has-post-thumbnail","6":"product_cat-bez-kategorii","8":"first","9":"instock","10":"shipping-taxable","11":"purchasable","12":"product-type-simple"},"jetpack_sharing_enabled":true,"_links":{"self":[{"href":"https:\/\/campmil.pl\/www\/index.php\/wp-json\/wp\/v2\/product\/70","targetHints":{"allow":["GET"]}}],"collection":[{"href":"https:\/\/campmil.pl\/www\/index.php\/wp-json\/wp\/v2\/product"}],"about":[{"href":"https:\/\/campmil.pl\/www\/index.php\/wp-json\/wp\/v2\/types\/product"}],"replies":[{"embeddable":true,"href":"https:\/\/campmil.pl\/www\/index.php\/wp-json\/wp\/v2\/comments?post=70"}],"wp:featuredmedia":[{"embeddable":true,"href":"https:\/\/campmil.pl\/www\/index.php\/wp-json\/wp\/v2\/media\/71"}],"wp:attachment":[{"href":"https:\/\/campmil.pl\/www\/index.php\/wp-json\/wp\/v2\/media?parent=70"}],"wp:term":[{"taxonomy":"product_cat","embeddable":true,"href":"https:\/\/campmil.pl\/www\/index.php\/wp-json\/wp\/v2\/product_cat?post=70"},{"taxonomy":"product_tag","embeddable":true,"href":"https:\/\/campmil.pl\/www\/index.php\/wp-json\/wp\/v2\/product_tag?post=70"}],"curies":[{"name":"wp","href":"https:\/\/api.w.org\/{rel}","templated":true}]}}